{"id":178,"date":"2018-11-02T14:38:04","date_gmt":"2018-11-02T14:38:04","guid":{"rendered":"https:\/\/www.secretum-it.de\/?page_id=178"},"modified":"2018-11-22T17:02:03","modified_gmt":"2018-11-22T17:02:03","slug":"finanzbuchhaltung","status":"publish","type":"page","link":"https:\/\/www.ulrikebaehr.de\/index.php\/finanzbuchhaltung\/","title":{"rendered":"Finanzbuchhaltung*"},"content":{"rendered":"\n<p><strong>Sie m\u00f6chten Ihre Buchhaltung selber machen? &#8211; Sie m\u00f6chten den aktuellen \u00dcberblick \u00fcber den Stand der Dinge?<\/strong><\/p>\n\n\n\n<p>So k\u00f6nnen wir helfen!<\/p>\n\n\n\n<ul class=\"wp-block-list\"><li>Abhol- und Bringservice<\/li><\/ul>\n\n\n\n<ul class=\"wp-block-list\"><li>Sortierung der Belege<\/li><\/ul>\n\n\n\n<ul class=\"wp-block-list\"><li>Kontierung von laufenden Gesch\u00e4ftsvorf\u00e4llen<\/li><\/ul>\n\n\n\n<ul class=\"wp-block-list\"><li>Verbuchung von laufenden Gesch\u00e4ftsvorf\u00e4llen unter Verwendung von &#8222;Lexware Professional&#8220; (unkomplizierte Daten\u00fcbergabe &#8211; DATEV-kompatibel &#8211; an Ihren Steuerberater) oder &#8222;DATEV&#8220;<\/li><\/ul>\n\n\n\n<ul class=\"wp-block-list\"><li>Ausdruck von betriebswirtschaftlichen Auswertungen, Summen- und Saldenlisten<\/li><\/ul>\n\n\n\n<ul class=\"wp-block-list\"><li>Offene Posten und Verwaltung ( Debitoren \/ Kreditoren)<\/li><\/ul>\n\n\n\n<ul class=\"wp-block-list\"><li>Kontenabstimmung<\/li><\/ul>\n\n\n\n<ul class=\"wp-block-list\"><li>Fristen\u00fcberwachung<\/li><\/ul>\n\n\n\n<p>Immer, wenn Sie es brauchen! &#8211; Nur, wenn es n\u00f6tig ist!<\/p>\n\n\n\n<p>Ein Service, der sich f\u00fcr Sie lohnt und der weniger kostet als Sie denken!<\/p>\n\n\n\n<p>Bitte rufen Sie uns f\u00fcr ein pers\u00f6nliches unverbindliches Gespr\u00e4ch an.<\/p>\n\n\n\n<p><em>*siehe Impressum<\/em><\/p>\n","protected":false},"excerpt":{"rendered":"<p>Sie m\u00f6chten Ihre Buchhaltung selber machen? &#8211; Sie m\u00f6chten den aktuellen \u00dcberblick \u00fcber den Stand der Dinge? So k\u00f6nnen wir<\/p>\n","protected":false},"author":1,"featured_media":0,"parent":0,"menu_order":0,"comment_status":"closed","ping_status":"closed","template":"","meta":{"footnotes":""},"class_list":["post-178","page","type-page","status-publish","hentry"],"_links":{"self":[{"href":"https:\/\/www.ulrikebaehr.de\/index.php\/wp-json\/wp\/v2\/pages\/178","targetHints":{"allow":["GET"]}}],"collection":[{"href":"https:\/\/www.ulrikebaehr.de\/index.php\/wp-json\/wp\/v2\/pages"}],"about":[{"href":"https:\/\/www.ulrikebaehr.de\/index.php\/wp-json\/wp\/v2\/types\/page"}],"author":[{"embeddable":true,"href":"https:\/\/www.ulrikebaehr.de\/index.php\/wp-json\/wp\/v2\/users\/1"}],"replies":[{"embeddable":true,"href":"https:\/\/www.ulrikebaehr.de\/index.php\/wp-json\/wp\/v2\/comments?post=178"}],"version-history":[{"count":5,"href":"https:\/\/www.ulrikebaehr.de\/index.php\/wp-json\/wp\/v2\/pages\/178\/revisions"}],"predecessor-version":[{"id":244,"href":"https:\/\/www.ulrikebaehr.de\/index.php\/wp-json\/wp\/v2\/pages\/178\/revisions\/244"}],"wp:attachment":[{"href":"https:\/\/www.ulrikebaehr.de\/index.php\/wp-json\/wp\/v2\/media?parent=178"}],"curies":[{"name":"wp","href":"https:\/\/api.w.org\/{rel}","templated":true}]}}