{"id":197,"date":"2018-11-02T14:43:28","date_gmt":"2018-11-02T14:43:28","guid":{"rendered":"https:\/\/www.secretum-it.de\/?page_id=197"},"modified":"2018-11-22T16:45:27","modified_gmt":"2018-11-22T16:45:27","slug":"grundsaetzliches","status":"publish","type":"page","link":"https:\/\/www.ulrikebaehr.de\/index.php\/grundsaetzliches\/","title":{"rendered":"Grunds\u00e4tzliches"},"content":{"rendered":"\n<p>Mein Arbeitsergebnis h\u00e4ngt ma\u00dfgebend von der<strong>\u00a0Mitarbeit des Unternehmens ab.<\/strong>\u00a0Aus diesem Grund ist mir im Vorfeld eines m\u00f6glichen Auftrages ein ausf\u00fchrliches Gespr\u00e4ch mit dem Unternehmer bzw. der Unternehmerin, bei dem beide Seiten ihre Anforderungen, W\u00fcnsche und Ziele offen darlegen, sehr wichtig.<\/p>\n\n\n\n<p>Eine&nbsp;<strong>intensive Zusammenarbeit mit dem Steuerberater&nbsp;<\/strong>des Unternehmens hat f\u00fcr mich ebenfalls hohe Priorit\u00e4t. Denn nur durch eine abgestimmte Arbeitsweise aller beteiligten Gesch\u00e4ftspartner k\u00f6nnen Ergebnisse umfassend und effizient erreicht werden, was meinen Mandanten Zeit und Geld spart. Ich fungiere quasi als &#8222;Schnittstelle&#8220; zwischen Steuerberater und Unternehmen.&nbsp;<\/p>\n\n\n\n<p>Im Verlauf einer Gesch\u00e4ftsbeziehung sind mir Planung und Konsequenz bei der Vorgehensweise sowie gute Kommunikation wichtig und ich erwarte diese Kompetenzen auch bei meinen Gesch\u00e4ftspartnern.<\/p>\n\n\n\n<p>Nur aufbauend auf diese Grunds\u00e4tze scheinen mir eine sinnvolle und angenehme Zusammenarbeit sowie ein Erreichen des gemeinsam festgelegten Zieles m\u00f6glich.<\/p>\n","protected":false},"excerpt":{"rendered":"<p>Mein Arbeitsergebnis h\u00e4ngt ma\u00dfgebend von der\u00a0Mitarbeit des Unternehmens ab.\u00a0Aus diesem Grund ist mir im Vorfeld eines m\u00f6glichen Auftrages ein ausf\u00fchrliches<\/p>\n","protected":false},"author":1,"featured_media":0,"parent":0,"menu_order":0,"comment_status":"closed","ping_status":"closed","template":"","meta":{"footnotes":""},"class_list":["post-197","page","type-page","status-publish","hentry"],"_links":{"self":[{"href":"https:\/\/www.ulrikebaehr.de\/index.php\/wp-json\/wp\/v2\/pages\/197","targetHints":{"allow":["GET"]}}],"collection":[{"href":"https:\/\/www.ulrikebaehr.de\/index.php\/wp-json\/wp\/v2\/pages"}],"about":[{"href":"https:\/\/www.ulrikebaehr.de\/index.php\/wp-json\/wp\/v2\/types\/page"}],"author":[{"embeddable":true,"href":"https:\/\/www.ulrikebaehr.de\/index.php\/wp-json\/wp\/v2\/users\/1"}],"replies":[{"embeddable":true,"href":"https:\/\/www.ulrikebaehr.de\/index.php\/wp-json\/wp\/v2\/comments?post=197"}],"version-history":[{"count":4,"href":"https:\/\/www.ulrikebaehr.de\/index.php\/wp-json\/wp\/v2\/pages\/197\/revisions"}],"predecessor-version":[{"id":231,"href":"https:\/\/www.ulrikebaehr.de\/index.php\/wp-json\/wp\/v2\/pages\/197\/revisions\/231"}],"wp:attachment":[{"href":"https:\/\/www.ulrikebaehr.de\/index.php\/wp-json\/wp\/v2\/media?parent=197"}],"curies":[{"name":"wp","href":"https:\/\/api.w.org\/{rel}","templated":true}]}}