{"id":59,"date":"2018-11-02T12:32:51","date_gmt":"2018-11-02T12:32:51","guid":{"rendered":"https:\/\/www.secretum-it.de\/?page_id=59"},"modified":"2018-11-22T17:00:31","modified_gmt":"2018-11-22T17:00:31","slug":"zur-person","status":"publish","type":"page","link":"https:\/\/www.ulrikebaehr.de\/index.php\/zur-person\/","title":{"rendered":"Zur Person"},"content":{"rendered":"\n<p class=\"has-text-color has-vivid-red-color\"><strong>Kompetenz aus einer Hand!<\/strong><strong>&nbsp;<\/strong><\/p>\n\n\n\n<p><strong>Beruflich<\/strong><\/p>\n\n\n\n<p><\/p>\n\n\n\n<ul class=\"wp-block-list\"><li>Steuerfachangestellte<\/li><\/ul>\n\n\n\n<ul class=\"wp-block-list\"><li>Seit 1994 Betriebswirtin des Handwerks<\/li><\/ul>\n\n\n\n<ul class=\"wp-block-list\"><li>Seit 2004 Selbstst\u00e4ndige Buchhalterin<\/li><\/ul>\n\n\n\n<ul class=\"wp-block-list\"><li>\u00fcber 35 Jahre B\u00fcro- und Kanzleierfahrung<\/li><\/ul>\n\n\n\n<ul class=\"wp-block-list\"><li>PC-Profi (Microsoft Windows, Microsoft Office-Anwendungen, DATEV, Lexware)<\/li><\/ul>\n\n\n\n<ul class=\"wp-block-list\"><li>teamf\u00e4hig, belastbar und flexibel<\/li><\/ul>\n\n\n\n<ul class=\"wp-block-list\"><li>Kooperationen mit verschiedenen Steuerberatern<\/li><\/ul>\n\n\n\n<ul class=\"wp-block-list\"><li>St\u00e4ndige Teilnahme an Seminaren\u00a0<\/li><\/ul>\n\n\n\n<p><strong>Privat<\/strong><\/p>\n\n\n\n<p>Ich bin 1966 geboren, und habe 2 fast erwachsene Kinder.<\/p>\n","protected":false},"excerpt":{"rendered":"<p>Kompetenz aus einer Hand!&nbsp; Beruflich Steuerfachangestellte Seit 1994 Betriebswirtin des Handwerks Seit 2004 Selbstst\u00e4ndige Buchhalterin \u00fcber 35 Jahre B\u00fcro- und<\/p>\n","protected":false},"author":1,"featured_media":0,"parent":0,"menu_order":0,"comment_status":"closed","ping_status":"closed","template":"","meta":{"footnotes":""},"class_list":["post-59","page","type-page","status-publish","hentry"],"_links":{"self":[{"href":"https:\/\/www.ulrikebaehr.de\/index.php\/wp-json\/wp\/v2\/pages\/59","targetHints":{"allow":["GET"]}}],"collection":[{"href":"https:\/\/www.ulrikebaehr.de\/index.php\/wp-json\/wp\/v2\/pages"}],"about":[{"href":"https:\/\/www.ulrikebaehr.de\/index.php\/wp-json\/wp\/v2\/types\/page"}],"author":[{"embeddable":true,"href":"https:\/\/www.ulrikebaehr.de\/index.php\/wp-json\/wp\/v2\/users\/1"}],"replies":[{"embeddable":true,"href":"https:\/\/www.ulrikebaehr.de\/index.php\/wp-json\/wp\/v2\/comments?post=59"}],"version-history":[{"count":5,"href":"https:\/\/www.ulrikebaehr.de\/index.php\/wp-json\/wp\/v2\/pages\/59\/revisions"}],"predecessor-version":[{"id":243,"href":"https:\/\/www.ulrikebaehr.de\/index.php\/wp-json\/wp\/v2\/pages\/59\/revisions\/243"}],"wp:attachment":[{"href":"https:\/\/www.ulrikebaehr.de\/index.php\/wp-json\/wp\/v2\/media?parent=59"}],"curies":[{"name":"wp","href":"https:\/\/api.w.org\/{rel}","templated":true}]}}